{"id":100,"date":"2019-10-31T14:01:26","date_gmt":"2019-10-31T14:01:26","guid":{"rendered":"http:\/\/holzbau-schuth.de\/?page_id=100"},"modified":"2022-02-23T07:47:44","modified_gmt":"2022-02-23T07:47:44","slug":"ueber-uns","status":"publish","type":"page","link":"https:\/\/holzbau-schuth.de\/?page_id=100","title":{"rendered":"\u00fcber uns"},"content":{"rendered":"<p>[et_pb_section fb_built=&#8220;1&#8243; _builder_version=&#8220;3.22&#8243; global_colors_info=&#8220;{}&#8220;][et_pb_row _builder_version=&#8220;3.25&#8243; background_size=&#8220;initial&#8220; background_position=&#8220;top_left&#8220; background_repeat=&#8220;repeat&#8220; global_colors_info=&#8220;{}&#8220;][et_pb_column type=&#8220;4_4&#8243; _builder_version=&#8220;3.0.47&#8243; custom_padding=&#8220;|||&#8220; global_colors_info=&#8220;{}&#8220; custom_padding__hover=&#8220;|||&#8220;][et_pb_text _builder_version=&#8220;3.29.3&#8243; z_index_tablet=&#8220;500&#8243; text_text_shadow_horizontal_length_tablet=&#8220;0px&#8220; text_text_shadow_vertical_length_tablet=&#8220;0px&#8220; text_text_shadow_blur_strength_tablet=&#8220;1px&#8220; link_text_shadow_horizontal_length_tablet=&#8220;0px&#8220; link_text_shadow_vertical_length_tablet=&#8220;0px&#8220; link_text_shadow_blur_strength_tablet=&#8220;1px&#8220; ul_text_shadow_horizontal_length_tablet=&#8220;0px&#8220; ul_text_shadow_vertical_length_tablet=&#8220;0px&#8220; ul_text_shadow_blur_strength_tablet=&#8220;1px&#8220; ol_text_shadow_horizontal_length_tablet=&#8220;0px&#8220; ol_text_shadow_vertical_length_tablet=&#8220;0px&#8220; ol_text_shadow_blur_strength_tablet=&#8220;1px&#8220; quote_text_shadow_horizontal_length_tablet=&#8220;0px&#8220; quote_text_shadow_vertical_length_tablet=&#8220;0px&#8220; quote_text_shadow_blur_strength_tablet=&#8220;1px&#8220; header_text_shadow_horizontal_length_tablet=&#8220;0px&#8220; header_text_shadow_vertical_length_tablet=&#8220;0px&#8220; header_text_shadow_blur_strength_tablet=&#8220;1px&#8220; header_2_text_shadow_horizontal_length_tablet=&#8220;0px&#8220; header_2_text_shadow_vertical_length_tablet=&#8220;0px&#8220; header_2_text_shadow_blur_strength_tablet=&#8220;1px&#8220; header_3_text_shadow_horizontal_length_tablet=&#8220;0px&#8220; header_3_text_shadow_vertical_length_tablet=&#8220;0px&#8220; header_3_text_shadow_blur_strength_tablet=&#8220;1px&#8220; header_4_text_shadow_horizontal_length_tablet=&#8220;0px&#8220; header_4_text_shadow_vertical_length_tablet=&#8220;0px&#8220; header_4_text_shadow_blur_strength_tablet=&#8220;1px&#8220; header_5_text_shadow_horizontal_length_tablet=&#8220;0px&#8220; header_5_text_shadow_vertical_length_tablet=&#8220;0px&#8220; header_5_text_shadow_blur_strength_tablet=&#8220;1px&#8220; header_6_text_shadow_horizontal_length_tablet=&#8220;0px&#8220; header_6_text_shadow_vertical_length_tablet=&#8220;0px&#8220; header_6_text_shadow_blur_strength_tablet=&#8220;1px&#8220; box_shadow_horizontal_tablet=&#8220;0px&#8220; box_shadow_vertical_tablet=&#8220;0px&#8220; box_shadow_blur_tablet=&#8220;40px&#8220; box_shadow_spread_tablet=&#8220;0px&#8220; global_colors_info=&#8220;{}&#8220;]<\/p>\n<h2 class=\"haupttext\" style=\"text-align: center;\"><span class=\"style4\">Partner des Handwerks \u2013 erstklassige Qualit\u00e4t zu fairen Konditionen<\/span><\/h2>\n<p>\u00a0<\/p>\n<p class=\"haupttext\" style=\"text-align: justify;\">Die Lohnabbund Schuth GmbH ist historisch aus einer klassischen Zimmerei gewachsen: Als moderner Handwerksbetrieb mit hohen Anspr\u00fcchen an die eigene technische Ausstattung erkannten wir, Dieter und Silke Schuth, den Bedarf nach externen Abbundleistungen f\u00fcr unsere Branche sehr fr\u00fch und spezialisierten uns 2001 mit der Investition in eine eigene <a href=\"https:\/\/holzbau-schuth.de\/?page_id=155\">Hundegger-Abbundanlage<\/a> konsequent auf den Lohnabbund.<span class=\"apple-converted-space\">\u00a0<\/span><\/p>\n<p class=\"haupttext\" style=\"text-align: justify;\">Heute sind wir deutschlandweit als Partner des Handwerks etabliert und gesch\u00e4tzter Lieferant zahlreicher Zimmereibetriebe, Handel, Bautr\u00e4ger und Holzbauunternehmen.<\/p>\n<p class=\"haupttext\">In unserer Produktionsst\u00e4tte in Ochtendung, nahe bei Koblenz, fertigen wir auf \u00fcber 3.000 Quadratmetern passgenau Zuschnitte f\u00fcr ganze Holzh\u00e4user, Dachst\u00fchle und Baus\u00e4tze f\u00fcr Carports, Winterg\u00e4rten und vieles mehr.<\/p>\n<p class=\"haupttext\" style=\"text-align: justify;\">Unsere Erfahrungen aus \u00fcber 13 Jahren im Spezialgebiet Lohnabbund und Vorfertigung von Holzrahmenw\u00e4nden und dem Know-how aus Hunderten erfolgreich abgewickelten Projekten kombinieren wir mit unserem hohen Anspruch an Zuverl\u00e4ssigkeit und Qualit\u00e4t. Dabei setzen wir auf die besten Materialien, modernstes Werkzeug und regelm\u00e4\u00dfige Weiterbildung.<span class=\"apple-converted-space\">\u00a0<\/span><\/p>\n<p class=\"haupttext\" style=\"text-align: justify;\">Gerne \u00fcberzeugen wir Sie pers\u00f6nlich von unseren Leistungen. Fragen Sie uns an. Mit unseren detaillierten und verbindlichen Angeboten k\u00f6nnen Sie sicher und kostengenau kalkulieren. Wir freuen uns auf Sie!<\/p>\n<p>[\/et_pb_text][\/et_pb_column][\/et_pb_row][\/et_pb_section][et_pb_section fb_built=&#8220;1&#8243; _builder_version=&#8220;3.22&#8243; global_colors_info=&#8220;{}&#8220;][et_pb_row column_structure=&#8220;1_2,1_2&#8243; _builder_version=&#8220;3.25&#8243; background_size=&#8220;initial&#8220; background_position=&#8220;top_left&#8220; background_repeat=&#8220;repeat&#8220; global_colors_info=&#8220;{}&#8220;][et_pb_column type=&#8220;1_2&#8243; _builder_version=&#8220;3.0.47&#8243; custom_padding=&#8220;|||&#8220; global_colors_info=&#8220;{}&#8220; custom_padding__hover=&#8220;|||&#8220;][et_pb_image src=&#8220;https:\/\/holzbau-schuth.de\/wp-content\/uploads\/2019\/10\/Schuth-GmbH-21082017D810-2583-1.jpg&#8220; title_text=&#8220;Schuth GmbH 21082017D810-2583&#8243; _builder_version=&#8220;4.14.1&#8243; hover_enabled=&#8220;0&#8243; z_index_tablet=&#8220;500&#8243; box_shadow_style=&#8220;preset2&#8243; box_shadow_horizontal_tablet=&#8220;0px&#8220; box_shadow_vertical_tablet=&#8220;0px&#8220; box_shadow_blur_tablet=&#8220;40px&#8220; global_colors_info=&#8220;{}&#8220; sticky_enabled=&#8220;0&#8243;][\/et_pb_image][et_pb_image src=&#8220;https:\/\/holzbau-schuth.de\/wp-content\/uploads\/2021\/09\/LOGO_SCHUTH_LOHNABBUND_CMYK_ROT.jpg&#8220; align=&#8220;center&#8220; _builder_version=&#8220;3.29.3&#8243; hover_enabled=&#8220;0&#8243; z_index_tablet=&#8220;500&#8243; box_shadow_horizontal_tablet=&#8220;0px&#8220; box_shadow_vertical_tablet=&#8220;0px&#8220; box_shadow_blur_tablet=&#8220;40px&#8220; box_shadow_spread_tablet=&#8220;0px&#8220; global_colors_info=&#8220;{}&#8220; sticky_enabled=&#8220;0&#8243;][\/et_pb_image][\/et_pb_column][et_pb_column type=&#8220;1_2&#8243; _builder_version=&#8220;3.0.47&#8243; custom_padding=&#8220;|||&#8220; global_colors_info=&#8220;{}&#8220; custom_padding__hover=&#8220;|||&#8220;][et_pb_image src=&#8220;https:\/\/holzbau-schuth.de\/wp-content\/uploads\/2022\/02\/Schuth-GmbH-18022022-5893-scaled.jpg&#8220; title_text=&#8220;Schuth GmbH 18022022-5893&#8243; _builder_version=&#8220;4.14.1&#8243; z_index_tablet=&#8220;500&#8243; box_shadow_style=&#8220;preset2&#8243; box_shadow_horizontal_tablet=&#8220;0px&#8220; box_shadow_vertical_tablet=&#8220;0px&#8220; box_shadow_blur_tablet=&#8220;40px&#8220; global_colors_info=&#8220;{}&#8220;][\/et_pb_image][et_pb_image src=&#8220;https:\/\/holzbau-schuth.de\/wp-content\/uploads\/2021\/11\/LOGO_SCHUTH_HOLZHAUS_CMYK_BLAU-scaled.jpg&#8220; title_text=&#8220;Druck&#8220; align=&#8220;center&#8220; _builder_version=&#8220;4.14.1&#8243; z_index_tablet=&#8220;500&#8243; box_shadow_horizontal_tablet=&#8220;0px&#8220; box_shadow_vertical_tablet=&#8220;0px&#8220; box_shadow_blur_tablet=&#8220;40px&#8220; box_shadow_spread_tablet=&#8220;0px&#8220; global_colors_info=&#8220;{}&#8220;][\/et_pb_image][\/et_pb_column][\/et_pb_row][\/et_pb_section]<\/p>\n","protected":false},"excerpt":{"rendered":"<p>Partner des Handwerks \u2013 erstklassige Qualit\u00e4t zu fairen Konditionen\u00a0Die Lohnabbund Schuth GmbH ist historisch aus einer klassischen Zimmerei gewachsen: Als moderner Handwerksbetrieb mit hohen Anspr\u00fcchen an die eigene technische Ausstattung erkannten wir, Dieter und Silke Schuth, den Bedarf nach externen Abbundleistungen f\u00fcr unsere Branche sehr fr\u00fch und spezialisierten uns 2001 mit der Investition in eine [&hellip;]<\/p>\n","protected":false},"author":1,"featured_media":0,"parent":0,"menu_order":0,"comment_status":"closed","ping_status":"closed","template":"","meta":{"_et_pb_use_builder":"on","_et_pb_old_content":"","_et_gb_content_width":"","footnotes":""},"class_list":["post-100","page","type-page","status-publish","hentry"],"_links":{"self":[{"href":"https:\/\/holzbau-schuth.de\/index.php?rest_route=\/wp\/v2\/pages\/100"}],"collection":[{"href":"https:\/\/holzbau-schuth.de\/index.php?rest_route=\/wp\/v2\/pages"}],"about":[{"href":"https:\/\/holzbau-schuth.de\/index.php?rest_route=\/wp\/v2\/types\/page"}],"author":[{"embeddable":true,"href":"https:\/\/holzbau-schuth.de\/index.php?rest_route=\/wp\/v2\/users\/1"}],"replies":[{"embeddable":true,"href":"https:\/\/holzbau-schuth.de\/index.php?rest_route=%2Fwp%2Fv2%2Fcomments&post=100"}],"version-history":[{"count":17,"href":"https:\/\/holzbau-schuth.de\/index.php?rest_route=\/wp\/v2\/pages\/100\/revisions"}],"predecessor-version":[{"id":364,"href":"https:\/\/holzbau-schuth.de\/index.php?rest_route=\/wp\/v2\/pages\/100\/revisions\/364"}],"wp:attachment":[{"href":"https:\/\/holzbau-schuth.de\/index.php?rest_route=%2Fwp%2Fv2%2Fmedia&parent=100"}],"curies":[{"name":"wp","href":"https:\/\/api.w.org\/{rel}","templated":true}]}}