{"id":128,"date":"2019-10-31T14:54:08","date_gmt":"2019-10-31T14:54:08","guid":{"rendered":"http:\/\/holzbau-schuth.de\/?page_id=128"},"modified":"2019-10-31T15:12:43","modified_gmt":"2019-10-31T15:12:43","slug":"leistungen","status":"publish","type":"page","link":"https:\/\/holzbau-schuth.de\/?page_id=128","title":{"rendered":"Leistungen"},"content":{"rendered":"<p>[et_pb_section bb_built=&#8220;1&#8243; inner_width=&#8220;auto&#8220; inner_max_width=&#8220;1080px&#8220;][et_pb_row][et_pb_column type=&#8220;4_4&#8243; custom_padding__hover=&#8220;|||&#8220; custom_padding=&#8220;|||&#8220;][et_pb_text _builder_version=&#8220;3.29.3&#8243; text_text_shadow_horizontal_length=&#8220;text_text_shadow_style,%91object Object%93&#8243; text_text_shadow_horizontal_length_tablet=&#8220;0px&#8220; text_text_shadow_vertical_length=&#8220;text_text_shadow_style,%91object Object%93&#8243; text_text_shadow_vertical_length_tablet=&#8220;0px&#8220; text_text_shadow_blur_strength=&#8220;text_text_shadow_style,%91object Object%93&#8243; text_text_shadow_blur_strength_tablet=&#8220;1px&#8220; link_text_shadow_horizontal_length=&#8220;link_text_shadow_style,%91object Object%93&#8243; link_text_shadow_horizontal_length_tablet=&#8220;0px&#8220; link_text_shadow_vertical_length=&#8220;link_text_shadow_style,%91object Object%93&#8243; link_text_shadow_vertical_length_tablet=&#8220;0px&#8220; link_text_shadow_blur_strength=&#8220;link_text_shadow_style,%91object Object%93&#8243; link_text_shadow_blur_strength_tablet=&#8220;1px&#8220; ul_text_shadow_horizontal_length=&#8220;ul_text_shadow_style,%91object Object%93&#8243; ul_text_shadow_horizontal_length_tablet=&#8220;0px&#8220; ul_text_shadow_vertical_length=&#8220;ul_text_shadow_style,%91object Object%93&#8243; ul_text_shadow_vertical_length_tablet=&#8220;0px&#8220; ul_text_shadow_blur_strength=&#8220;ul_text_shadow_style,%91object Object%93&#8243; ul_text_shadow_blur_strength_tablet=&#8220;1px&#8220; ol_text_shadow_horizontal_length=&#8220;ol_text_shadow_style,%91object Object%93&#8243; ol_text_shadow_horizontal_length_tablet=&#8220;0px&#8220; ol_text_shadow_vertical_length=&#8220;ol_text_shadow_style,%91object Object%93&#8243; ol_text_shadow_vertical_length_tablet=&#8220;0px&#8220; ol_text_shadow_blur_strength=&#8220;ol_text_shadow_style,%91object Object%93&#8243; ol_text_shadow_blur_strength_tablet=&#8220;1px&#8220; quote_text_shadow_horizontal_length=&#8220;quote_text_shadow_style,%91object Object%93&#8243; quote_text_shadow_horizontal_length_tablet=&#8220;0px&#8220; quote_text_shadow_vertical_length=&#8220;quote_text_shadow_style,%91object Object%93&#8243; quote_text_shadow_vertical_length_tablet=&#8220;0px&#8220; quote_text_shadow_blur_strength=&#8220;quote_text_shadow_style,%91object Object%93&#8243; quote_text_shadow_blur_strength_tablet=&#8220;1px&#8220; header_text_shadow_horizontal_length=&#8220;header_text_shadow_style,%91object Object%93&#8243; header_text_shadow_horizontal_length_tablet=&#8220;0px&#8220; header_text_shadow_vertical_length=&#8220;header_text_shadow_style,%91object Object%93&#8243; header_text_shadow_vertical_length_tablet=&#8220;0px&#8220; header_text_shadow_blur_strength=&#8220;header_text_shadow_style,%91object Object%93&#8243; header_text_shadow_blur_strength_tablet=&#8220;1px&#8220; header_2_text_shadow_horizontal_length=&#8220;header_2_text_shadow_style,%91object Object%93&#8243; header_2_text_shadow_horizontal_length_tablet=&#8220;0px&#8220; header_2_text_shadow_vertical_length=&#8220;header_2_text_shadow_style,%91object Object%93&#8243; header_2_text_shadow_vertical_length_tablet=&#8220;0px&#8220; header_2_text_shadow_blur_strength=&#8220;header_2_text_shadow_style,%91object Object%93&#8243; header_2_text_shadow_blur_strength_tablet=&#8220;1px&#8220; header_3_text_shadow_horizontal_length=&#8220;header_3_text_shadow_style,%91object Object%93&#8243; header_3_text_shadow_horizontal_length_tablet=&#8220;0px&#8220; header_3_text_shadow_vertical_length=&#8220;header_3_text_shadow_style,%91object Object%93&#8243; header_3_text_shadow_vertical_length_tablet=&#8220;0px&#8220; header_3_text_shadow_blur_strength=&#8220;header_3_text_shadow_style,%91object Object%93&#8243; header_3_text_shadow_blur_strength_tablet=&#8220;1px&#8220; header_4_text_shadow_horizontal_length=&#8220;header_4_text_shadow_style,%91object Object%93&#8243; header_4_text_shadow_horizontal_length_tablet=&#8220;0px&#8220; header_4_text_shadow_vertical_length=&#8220;header_4_text_shadow_style,%91object Object%93&#8243; header_4_text_shadow_vertical_length_tablet=&#8220;0px&#8220; header_4_text_shadow_blur_strength=&#8220;header_4_text_shadow_style,%91object Object%93&#8243; header_4_text_shadow_blur_strength_tablet=&#8220;1px&#8220; header_5_text_shadow_horizontal_length=&#8220;header_5_text_shadow_style,%91object Object%93&#8243; header_5_text_shadow_horizontal_length_tablet=&#8220;0px&#8220; header_5_text_shadow_vertical_length=&#8220;header_5_text_shadow_style,%91object Object%93&#8243; header_5_text_shadow_vertical_length_tablet=&#8220;0px&#8220; header_5_text_shadow_blur_strength=&#8220;header_5_text_shadow_style,%91object Object%93&#8243; header_5_text_shadow_blur_strength_tablet=&#8220;1px&#8220; header_6_text_shadow_horizontal_length=&#8220;header_6_text_shadow_style,%91object Object%93&#8243; header_6_text_shadow_horizontal_length_tablet=&#8220;0px&#8220; header_6_text_shadow_vertical_length=&#8220;header_6_text_shadow_style,%91object Object%93&#8243; header_6_text_shadow_vertical_length_tablet=&#8220;0px&#8220; header_6_text_shadow_blur_strength=&#8220;header_6_text_shadow_style,%91object Object%93&#8243; header_6_text_shadow_blur_strength_tablet=&#8220;1px&#8220; box_shadow_horizontal_tablet=&#8220;0px&#8220; box_shadow_vertical_tablet=&#8220;0px&#8220; box_shadow_blur_tablet=&#8220;40px&#8220; box_shadow_spread_tablet=&#8220;0px&#8220; z_index_tablet=&#8220;500&#8243;]<\/p>\n<h3 style=\"text-align: center;\">Leistungsspektrum<\/h3>\n<p>\u00a0<\/p>\n<h4 style=\"text-align: center;\">Mehr Gewinn, weniger Risiko \u2013 Lohnabbund vom Spezialisten\u00a0<\/h4>\n<p style=\"text-align: justify;\">Wir bieten Fachbetrieben die gesamte Dienstleistungspalette rund um den Lohnabbund und liefern montagefertige Dachst\u00fchle, Holzrahmenh\u00e4user, Carports, Vord\u00e4cher und \u00fcbernehmen die komplette Holzbauvorfertigung mit modernster Abbundtechnik. Auf Wunsch liefern wir Ihnen komplett vormontierte W\u00e4nde \u2013 ged\u00e4mmt oder unged\u00e4mmt \u2013 f\u00fcr den Holzrahmenbau.\u00a0<\/p>\n<p style=\"text-align: justify;\">Als innovativer Holzbau-Betrieb haben wir uns schon fr\u00fch auf den vollautomatischen Zuschnitt von Holzbauteilen spezialisiert. Im Laufe der Jahre haben wir uns bundesweit zum gesch\u00e4tzten Partner zahlreicher Dachdecker-, Maurer- und Zimmereibetriebe etabliert.<\/p>\n<p style=\"text-align: center;\"><strong>100 % passgenau \u2013 garantiert!\u00a0<\/strong><\/p>\n<p style=\"text-align: justify;\">Wir sind Partner des Handwerks! Mit unseren passgenauen und zuverl\u00e4ssigen Lohnabbund-Leistungen k\u00f6nnen auch Sie Ihre Kosten f\u00fcr Lohn, Lagerhaltung und Maschinen reduzieren. Sie profitieren zus\u00e4tzlich von 100 % Planungssicherheit. Wir liefern Ihnen die gew\u00fcnschten Zuschnitte termingerecht und millimetergenau.<\/p>\n<ul>\n<li>Dachst\u00fchle<\/li>\n<li>Holzrahmenh\u00e4user<\/li>\n<li>Carports<\/li>\n<li>Vord\u00e4cher<\/li>\n<li>Vormontierte W\u00e4nde, ged\u00e4mmt und unged\u00e4mmt<\/li>\n<\/ul>\n<p><strong>Ihre Vorteile auf einen Blick:<\/strong><\/p>\n<ul>\n<li>Kostenersparnis<\/li>\n<li>Zeitgewinn<\/li>\n<li>Passgenaue L\u00f6sungen<\/li>\n<li>Termingenauigkeit und Zuverl\u00e4ssigkeit<\/li>\n<li>Kalkulierbare Preise<\/li>\n<li>Wetterunabh\u00e4ngigkeit<\/li>\n<\/ul>\n<p style=\"text-align: center;\"><strong>Machen Sie es sich einfach!<\/strong><\/p>\n<p style=\"text-align: justify;\">Beziehen Sie uns bereits in die Planungsphase Ihres Bauprojektes ein und lassen uns gemeinsam schauen, bei welchen Abschnitten wir Sie durch unsere professionellen Leistungen im Lohnabbund unterst\u00fctzen k\u00f6nnen.\u00a0<\/p>\n<p>Wir beraten Sie gerne und zeigen Ihnen, wie Sie durch Lohnabbund aus unserer Hand Zeit, Geld und Risiken sparen k\u00f6nnen.<\/p>\n<p>[\/et_pb_text][\/et_pb_column][\/et_pb_row][\/et_pb_section]<\/p>\n","protected":false},"excerpt":{"rendered":"<p><div class=\"et_pb_row et_pb_row_0 et_pb_row_empty\">\n\t\t\t\t\n\t\t\t\t\n\t\t\t\t\n\t\t\t<\/div> Leistungsspektrum\u00a0Mehr Gewinn, weniger Risiko \u2013 Lohnabbund vom Spezialisten\u00a0Wir bieten Fachbetrieben die gesamte Dienstleistungspalette rund um den Lohnabbund und liefern montagefertige Dachst\u00fchle, Holzrahmenh\u00e4user, Carports, Vord\u00e4cher und \u00fcbernehmen die komplette Holzbauvorfertigung mit modernster Abbundtechnik. Auf Wunsch liefern wir Ihnen komplett vormontierte W\u00e4nde \u2013 ged\u00e4mmt oder unged\u00e4mmt \u2013 f\u00fcr den Holzrahmenbau.\u00a0Als innovativer Holzbau-Betrieb haben wir uns schon [&hellip;]<\/p>\n","protected":false},"author":1,"featured_media":0,"parent":0,"menu_order":0,"comment_status":"closed","ping_status":"closed","template":"","meta":{"_et_pb_use_builder":"on","_et_pb_old_content":"","_et_gb_content_width":"","footnotes":""},"class_list":["post-128","page","type-page","status-publish","hentry"],"_links":{"self":[{"href":"https:\/\/holzbau-schuth.de\/index.php?rest_route=\/wp\/v2\/pages\/128"}],"collection":[{"href":"https:\/\/holzbau-schuth.de\/index.php?rest_route=\/wp\/v2\/pages"}],"about":[{"href":"https:\/\/holzbau-schuth.de\/index.php?rest_route=\/wp\/v2\/types\/page"}],"author":[{"embeddable":true,"href":"https:\/\/holzbau-schuth.de\/index.php?rest_route=\/wp\/v2\/users\/1"}],"replies":[{"embeddable":true,"href":"https:\/\/holzbau-schuth.de\/index.php?rest_route=%2Fwp%2Fv2%2Fcomments&post=128"}],"version-history":[{"count":3,"href":"https:\/\/holzbau-schuth.de\/index.php?rest_route=\/wp\/v2\/pages\/128\/revisions"}],"predecessor-version":[{"id":132,"href":"https:\/\/holzbau-schuth.de\/index.php?rest_route=\/wp\/v2\/pages\/128\/revisions\/132"}],"wp:attachment":[{"href":"https:\/\/holzbau-schuth.de\/index.php?rest_route=%2Fwp%2Fv2%2Fmedia&parent=128"}],"curies":[{"name":"wp","href":"https:\/\/api.w.org\/{rel}","templated":true}]}}