{"id":225,"date":"2020-04-24T05:30:30","date_gmt":"2020-04-24T05:30:30","guid":{"rendered":"http:\/\/holzbau-schuth.de\/?page_id=225"},"modified":"2024-09-25T07:56:05","modified_gmt":"2024-09-25T07:56:05","slug":"agb","status":"publish","type":"page","link":"https:\/\/holzbau-schuth.de\/?page_id=225","title":{"rendered":"AGB"},"content":{"rendered":"<p>[et_pb_section fb_built=&#8220;1&#8243; _builder_version=&#8220;3.22&#8243; global_colors_info=&#8220;{}&#8220;][et_pb_row _builder_version=&#8220;3.25&#8243; background_size=&#8220;initial&#8220; background_position=&#8220;top_left&#8220; background_repeat=&#8220;repeat&#8220; global_colors_info=&#8220;{}&#8220;][et_pb_column type=&#8220;4_4&#8243; _builder_version=&#8220;3.25&#8243; custom_padding=&#8220;|||&#8220; global_colors_info=&#8220;{}&#8220; custom_padding__hover=&#8220;|||&#8220;][et_pb_text _builder_version=&#8220;4.14.1&#8243; hover_enabled=&#8220;0&#8243; z_index_tablet=&#8220;500&#8243; text_text_shadow_horizontal_length_tablet=&#8220;0px&#8220; text_text_shadow_vertical_length_tablet=&#8220;0px&#8220; text_text_shadow_blur_strength_tablet=&#8220;1px&#8220; link_text_shadow_horizontal_length_tablet=&#8220;0px&#8220; link_text_shadow_vertical_length_tablet=&#8220;0px&#8220; link_text_shadow_blur_strength_tablet=&#8220;1px&#8220; ul_text_shadow_horizontal_length_tablet=&#8220;0px&#8220; ul_text_shadow_vertical_length_tablet=&#8220;0px&#8220; ul_text_shadow_blur_strength_tablet=&#8220;1px&#8220; ol_text_shadow_horizontal_length_tablet=&#8220;0px&#8220; ol_text_shadow_vertical_length_tablet=&#8220;0px&#8220; ol_text_shadow_blur_strength_tablet=&#8220;1px&#8220; quote_text_shadow_horizontal_length_tablet=&#8220;0px&#8220; quote_text_shadow_vertical_length_tablet=&#8220;0px&#8220; quote_text_shadow_blur_strength_tablet=&#8220;1px&#8220; header_text_shadow_horizontal_length_tablet=&#8220;0px&#8220; header_text_shadow_vertical_length_tablet=&#8220;0px&#8220; header_text_shadow_blur_strength_tablet=&#8220;1px&#8220; header_2_text_shadow_horizontal_length_tablet=&#8220;0px&#8220; header_2_text_shadow_vertical_length_tablet=&#8220;0px&#8220; header_2_text_shadow_blur_strength_tablet=&#8220;1px&#8220; header_3_text_shadow_horizontal_length_tablet=&#8220;0px&#8220; header_3_text_shadow_vertical_length_tablet=&#8220;0px&#8220; header_3_text_shadow_blur_strength_tablet=&#8220;1px&#8220; header_4_text_shadow_horizontal_length_tablet=&#8220;0px&#8220; header_4_text_shadow_vertical_length_tablet=&#8220;0px&#8220; header_4_text_shadow_blur_strength_tablet=&#8220;1px&#8220; header_5_text_shadow_horizontal_length_tablet=&#8220;0px&#8220; header_5_text_shadow_vertical_length_tablet=&#8220;0px&#8220; header_5_text_shadow_blur_strength_tablet=&#8220;1px&#8220; header_6_text_shadow_horizontal_length_tablet=&#8220;0px&#8220; header_6_text_shadow_vertical_length_tablet=&#8220;0px&#8220; header_6_text_shadow_blur_strength_tablet=&#8220;1px&#8220; box_shadow_horizontal_tablet=&#8220;0px&#8220; box_shadow_vertical_tablet=&#8220;0px&#8220; box_shadow_blur_tablet=&#8220;40px&#8220; box_shadow_spread_tablet=&#8220;0px&#8220; global_colors_info=&#8220;{}&#8220; sticky_enabled=&#8220;0&#8243;]<\/p>\n<p>Allgemeine Gesch\u00e4ftsbedingungen (AGB) der Firma Lohnabbund Schuth GmbH<\/p>\n<p>Allgemeines<\/p>\n<p>Diese Allgemeinen Verkaufs-, Lieferung- und Zahlungsbedingungen gelten f\u00fcr alle \u2013 auch zuk\u00fcnftigen \u2013 Vertr\u00e4ge, Lieferungen und Sonstige Leistungen einschlie\u00dflich Beratungsleistungen, sofern sie nicht mit unserer ausdr\u00fccklichen schriftlichen Zustimmung abge\u00e4ndert oder ausgeschlossen werden. M\u00fcndliche Absprachen und Nebenabreden, auch telefonischer oder telegrafischer Vereinbarung, bed\u00fcrfen zu ihrer Wirksamkeit unserer ausdr\u00fccklichen Schriftlichen Best\u00e4tigung. F\u00fcr das Vertragsverh\u00e4ltnis gilt ausschlie\u00dflich das Recht der Bundesrepublik Deutschland. Vertragsgrundlage BGB.(Werklieferungsvertrag)<\/p>\n<p>1.Angebot<\/p>\n<p>Unsere Angebote sind freibleibend und unverbindlich. Die zu dem Angebot geh\u00f6rigen unterlagen, wie Abbildungen, Zeichnungen, Kalkulationen und sonstige Unterlagen behalten wir uns Eigentums- und Urheberrechte vor. Dies gilt auch f\u00fcr solche schriftliche Unterlagen, die als \u201evertraulich\u201c bezeichnet sind. Vor ihrer Weitergabe an Dritte bedarf es unserer ausdr\u00fccklichen Zustimmung.<\/p>\n<ol start=\"2\">\n<li>Auftrag<\/li>\n<\/ol>\n<p>Auftr\u00e4ge werden erst durch unsere Schriftliche Best\u00e4tigung verbindlich. F\u00fcr Umfang und Inhalt des Auftrages ist alleine unsere Auftragsbest\u00e4tigung ma\u00dfgebend. Dies gilt auch f\u00fcr eventuelle m\u00fcndliche Nebenabreden, \u00c4nderungen und sonstige Vereinbarungen mit uns. Die Berichtigung von Irrt\u00fcmern bei Angeboten, Auftragsbest\u00e4tigungen und Rechnungen bleibt uns vorbehalten.<\/p>\n<ol start=\"3\">\n<li>Zeichnungen<\/li>\n<\/ol>\n<p>Von uns erstellte Zeichnungen, die Grundlage f\u00fcr die Weiterverarbeitung eines Auftrags sind, m\u00fcssen vor Inbegriffnahme dieser Arbeiten sorgf\u00e4ltig gepr\u00fcft und gegengezeichnet werden. Sch\u00e4den die durch nicht sorgf\u00e4ltig gepr\u00fcfte Pl\u00e4ne entstehen gehen nicht zu Lasten der Firma Schuth GmbH.<\/p>\n<ol start=\"4\">\n<li>Preis\u00e4nderungen<\/li>\n<\/ol>\n<p>Wenn zwischen Vertragsabschluss und vereinbarten Liefertermin mehr als vier Wochen liegen, behalten wir uns das Recht vor, unsere Preise angemessen zu \u00e4ndern, wenn nach Vertragsabschluss Kostenerh\u00f6hungen insbesondere aufgrund Materialpreis\u00e4nderungen eintreten. Diese werden wir dem Kunden auf Verlangen nachweisen.<\/p>\n<ol start=\"5\">\n<li>Lieferung und Lieferzeit<\/li>\n<li>Lieferfristen sind unverbindlich, es sei denn, sie sind ausdr\u00fccklich schriftlich als verbindlich vereinbart. Lieferfristen beginnen fr\u00fchestens mit Zugang unserer Auftragsbest\u00e4tigung und nach Vorliegen aller vom Auftraggeber zu schaffender Liefervoraussetzungen. Werden nachtr\u00e4glich Vertrags\u00e4nderungen vereinbart, beginnt der Liefertermin oder die Lieferfrist neu zu laufen, sofern nicht generell ein neuer Liefertermin oder eine neue Lieferfrist schriftlich vereinbart ist.<\/li>\n<li>Wenn wir an der Erf\u00fcllung unserer Vertragspflicht durch den Eintritt von unvorhersehbaren au\u00dfergew\u00f6hnlichen Umst\u00e4nden gehindert werden -gleichviel ob in unserem Werk oder in dem Werk eines unserer Lieferanten- z.B. Betriebsst\u00f6rungen, Beh\u00f6rdliche eingriffe, Verz\u00f6gerung in der Anlieferung von Roh- und Baustoffen so verl\u00e4ngert sich, wenn die Lieferung oder Leistung nicht unm\u00f6glich wird, verl\u00e4ngert sich die Lieferung um einen angemessenen Zeitraum.<\/li>\n<\/ol>\n<ul>\n<li>Die Lieferung erfolgt grunds\u00e4tzlich auf Rechnung und Gefahr des Auftraggebers. Eventuelle Transportsch\u00e4den m\u00fcssen von dem Auftraggeber festgehalten und auf dem Lieferschein vermerkt werden. F\u00fcr das Abladen ist eine Zeit von einer Stunde vorgesehen. L\u00e4nger Standzeiten gehen zu Lasten des Auftraggebers.<\/li>\n<\/ul>\n<ol>\n<li>Die Lieferung erfolgt an die bei der Auftragsbest\u00e4tigung vereinbarte Adresse. Bei \u00c4nderung des Anlieferortes tr\u00e4gt der Auftraggeber die zus\u00e4tzlichen Kosten.<\/li>\n<li>Lieferung ohne Abladen und unter Voraussetzung einer mit schwerem Lastzug befahrbare Anfuhr Stra\u00dfe. Steht eine solche nicht zur Verf\u00fcgung oder ist die Anfahrt sonst nicht gew\u00e4hrleistet, tr\u00e4gt der K\u00e4ufer die zus\u00e4tzlichen Kosten. Scheitert die Anlieferung, haftet der K\u00e4ufer gleichwohl auf die Verg\u00fctung sowie gegebenenfalls Schadensersatz. Verl\u00e4sst das Lieferfahrzeug auf Weisung des K\u00e4ufers die befahrbare Stra\u00dfe, so haftet dieser f\u00fcr auftretende Sch\u00e4den. Das Abladen hat unverz\u00fcglich und sachgem\u00e4\u00df durch vom Auftraggeber zu stellende Fachkr\u00e4fte zu erfolgen.<\/li>\n<li>Gefahren\u00fcbergang<\/li>\n<\/ol>\n<p>Sobald die Ware versandbereit ist, wird der K\u00e4ufer von uns hier von unterrichtet. Damit beginnt die Abnahmeverpflichtung des K\u00e4ufers und die Gefahr auf den K\u00e4ufer \u00fcber. Gleichzeitig beginnt zu dem Zeitpunkt, sofern nichts anderes vereinbart, die Laufzeit der Gew\u00e4hrleistungspflicht<\/p>\n<ol start=\"7\">\n<li>Zahlungen<\/li>\n<li>Wenn nicht abweichende Vereinbarungen getroffen wurden, ist die Zahlung Innerhalb von 5<\/li>\n<\/ol>\n<p>Tagen nach Rechnungsdatum netto f\u00e4llig, sofern wir dem Besteller ein Kreditkonto in entsprechender H\u00f6he eingerichtet haben. Ansonsten ist der Kaufpreis bei Warenabholung bzw. \u00a0Lieferung zur Zahlung f\u00e4llig. Im Falle des Zahlungsr\u00fcckstands k\u00f6nnen wir weitere Lieferungen und Leistungen zur\u00fcckhalten. Wegen irgendwelcher von uns nicht anerkannte Gegenanspr\u00fcche kann der Besteller keine Zahlung zur\u00fcckhalten und ebenso wenig aufrechnen. Sofern wir nach Vertragsabschluss Umst\u00e4nde erfahren, die einen Kredit nicht unbedenklich erscheinen lassen, d\u00fcrfen wir Vorauszahlungen verlangen bzw. ganz oder teilweise vom Vertrag zur\u00fccktreten.<\/p>\n<ol start=\"9\">\n<li>Skontoabzug ist nur nach vorheriger schriftlicher Vereinbarung &amp; ohne offene Forderungen zul\u00e4ssig.<\/li>\n<li>Stornierungen<\/li>\n<\/ol>\n<p>Eine Stornierung eines rechtsg\u00fcltigen Auftrags durch den Kunden ist nur m\u00f6glich, wenn der Auftrag noch nicht produktionstechnisch an gearbeitet worden ist. In diesem Falle wird eine Abstandszahlung (pauschalierter Schadensersatz) in H\u00f6he von 25% des Bruttoauftragswertes f\u00fcr die bereits entstandenen kosten erhoben. Wir behalten uns vor, bei Nachweis eines tats\u00e4chlich entstandenen h\u00f6heren Schadens, diesen statt der Pauschale geltend zu machen,<\/p>\n<ol start=\"9\">\n<li>Beschaffenheit, Gew\u00e4hrleistung<\/li>\n<li>Wie weisen darauf hin das Holz, das das von uns bearbeitete Holz ein Naturstoff ist, dessen naturgegebene Eigenschaften, Besonderheiten sowie optischen, bauphysikalischen und sonstige Merkmale zu beachten sind. F\u00fcr derartige Besonderheiten k\u00f6nnen wir keine Gew\u00e4hr \u00fcbernehmen.<\/li>\n<li>Die M\u00e4ngelrechte des Kunden setzten voraus, dass dieser seinen nach \u00a7377 HGB geschuldeten Untersuchungs- und R\u00fcgeobliegenheiten ordnungsgem\u00e4\u00df nachgekommen ist unabh\u00e4ngig davon hat der Kunde auf jeden Fall die Sachen insbesondere vor einer Weiterverarbeitung bzw. Vor dem Einbau auf M\u00e4ngel zu untersuchen. Offensichtlich mit M\u00e4ngeln behaftete Teile oder besch\u00e4digte Teile d\u00fcrfen nicht eingebaut werden; es sei denn, wir erkl\u00e4ren<\/li>\n<\/ol>\n<p>dazu ausdr\u00fccklich unser schriftliches Einverst\u00e4ndnis. Besch\u00e4digte Teile sind vielmehr an uns zur Nachbesserung oder Nachlieferung herauszugeben, andernfalls verliert der Kunde seine Gew\u00e4hrleistungsanspr\u00fcche.<\/p>\n<ol start=\"10\">\n<li>Eigentumsvorbehalt<\/li>\n<\/ol>\n<p>Wir behalten uns das Eigentum an der Vertragsware bis zum Eingang aller Zahlungen einschlie\u00dflich aller noch entstehenden Forderungen aus dem jeweiligen Rechtsgesch\u00e4ft, wie z.B. solchen aus Nachbestellungen vor. Insbesondere bei Zahlungsverzug, sind wir berechtigt, die Vertragsware zur\u00fcckzunehmen. In der Zur\u00fccknahme der Vertragsware durch uns liegt ein R\u00fccktritt vom Vertrag. Wir sind nach der R\u00fccknahme der Vertragsware zu deren Verwertung befugt, der Verwertungserl\u00f6s ist auf die Verbindlichkeiten des Auftraggebers -abz\u00fcglich angemessener Verwertungskosten- anzurechnen.<\/p>\n<ol start=\"11\">\n<li>Datenschutz<\/li>\n<\/ol>\n<p>Die im Rahmen von Bestellungen oder Anfragen \u00fcbermittelten Daten des Kunden werden in der EDV der Firma Lohnabbund Schuth GmbH gespeichert und vertraulich behandelt. Die Daten werden nicht an Dritte weitergeleitet, Ausnahmen bestehen, wenn ein Logistik- oder Transportunternehmen beauftragt wird, die Lieferung des Auftraggebers durchzuf\u00fchren.<\/p>\n<ol start=\"12\">\n<li>Gerichtsstand<\/li>\n<\/ol>\n<p>Als Gerichtsstrand ist das Amtsgericht Koblenz vereinbart. Es gilt das Recht der Bundesrepublik Deutschland. Wird das Bauvorhaben im Ausland errichtet, so gilt f\u00fcr das Vertragsverh\u00e4ltnis das Recht der Bundesrepublik Deutschland.<\/p>\n<ol start=\"13\">\n<li>Erf\u00fcllungsort<\/li>\n<\/ol>\n<p>Erf\u00fcllungsort ist Ochtendung.<\/p>\n<ol start=\"14\">\n<li>Schlussbestimmungen<\/li>\n<li>Telefonische und M\u00fcndliche Ausk\u00fcnfte zu Waren, Preisen, Produktions- und Lieferfristen sind zun\u00e4chst grunds\u00e4tzlich unverbindlich und bed\u00fcrfen stets der schriftlichen Best\u00e4tigung. Diese Allgemeinen Gesch\u00e4ftsbedingungen gelten sinngem\u00e4\u00df auch f\u00fcr Vertr\u00e4ge anderer Art, insbesondere Dienst-, Werk. Und Werklieferungsvertr\u00e4ge<\/li>\n<\/ol>\n<p>[\/et_pb_text][\/et_pb_column][\/et_pb_row][\/et_pb_section]<\/p>\n","protected":false},"excerpt":{"rendered":"<p>Allgemeine Gesch\u00e4ftsbedingungen (AGB) der Firma Lohnabbund Schuth GmbH Allgemeines Diese Allgemeinen Verkaufs-, Lieferung- und Zahlungsbedingungen gelten f\u00fcr alle \u2013 auch zuk\u00fcnftigen \u2013 Vertr\u00e4ge, Lieferungen und Sonstige Leistungen einschlie\u00dflich Beratungsleistungen, sofern sie nicht mit unserer ausdr\u00fccklichen schriftlichen Zustimmung abge\u00e4ndert oder ausgeschlossen werden. M\u00fcndliche Absprachen und Nebenabreden, auch telefonischer oder telegrafischer Vereinbarung, bed\u00fcrfen zu ihrer Wirksamkeit unserer [&hellip;]<\/p>\n","protected":false},"author":1,"featured_media":0,"parent":0,"menu_order":0,"comment_status":"closed","ping_status":"closed","template":"","meta":{"_et_pb_use_builder":"on","_et_pb_old_content":"","_et_gb_content_width":"","footnotes":""},"class_list":["post-225","page","type-page","status-publish","hentry"],"_links":{"self":[{"href":"https:\/\/holzbau-schuth.de\/index.php?rest_route=\/wp\/v2\/pages\/225"}],"collection":[{"href":"https:\/\/holzbau-schuth.de\/index.php?rest_route=\/wp\/v2\/pages"}],"about":[{"href":"https:\/\/holzbau-schuth.de\/index.php?rest_route=\/wp\/v2\/types\/page"}],"author":[{"embeddable":true,"href":"https:\/\/holzbau-schuth.de\/index.php?rest_route=\/wp\/v2\/users\/1"}],"replies":[{"embeddable":true,"href":"https:\/\/holzbau-schuth.de\/index.php?rest_route=%2Fwp%2Fv2%2Fcomments&post=225"}],"version-history":[{"count":2,"href":"https:\/\/holzbau-schuth.de\/index.php?rest_route=\/wp\/v2\/pages\/225\/revisions"}],"predecessor-version":[{"id":379,"href":"https:\/\/holzbau-schuth.de\/index.php?rest_route=\/wp\/v2\/pages\/225\/revisions\/379"}],"wp:attachment":[{"href":"https:\/\/holzbau-schuth.de\/index.php?rest_route=%2Fwp%2Fv2%2Fmedia&parent=225"}],"curies":[{"name":"wp","href":"https:\/\/api.w.org\/{rel}","templated":true}]}}